{"id":26107,"date":"2024-01-09T16:24:30","date_gmt":"2024-01-09T16:24:30","guid":{"rendered":"http:\/\/rucashk.com\/?post_type=product&#038;p=26107"},"modified":"2025-06-22T06:39:39","modified_gmt":"2025-06-22T06:39:39","slug":"mi-vaccum-g11-eu","status":"publish","type":"product","link":"https:\/\/www.rucashk.com\/ar\/product\/mi-vaccum-g11-eu\/","title":{"rendered":"\u0645\u064a \u0641\u0627\u0643\u0648\u0645 G11 \u0627\u0644\u0627\u062a\u062d\u0627\u062f \u0627\u0644\u0623\u0648\u0631\u0648\u0628\u064a"},"content":{"rendered":"<div class=\"lazy\" data-type=\"bg\" data-id=\"b35bd6643b\" data-background-image=\"\" data-loaded=\"true\">\n<div class=\"lazy\" data-type=\"bg\" data-id=\"16c2214362\" data-background-image=\"\" data-loaded=\"true\"><img decoding=\"async\" alt=\"Mi Vaccum G11 EU\" class=\"lazy\" src=\"\/wp-content\/uploads\/replace\/941ca6db5cd2ae4a5ffd8b96723fd767.png\" data-id=\"2edfda62e2\" data-src=\"\/\/i02.appmifile.com\/846_operator_sg\/29\/12\/2021\/9f771cbb249f342d07913a3a9ffe2efc.png\" data-loaded=\"true\" \/><\/div>\n<\/div>\n<div class=\"lazy\" data-type=\"bg\" data-id=\"312db84574\" data-background-image=\"\" data-loaded=\"true\">\n<div class=\"lazy\" data-type=\"bg\" data-id=\"a29fc28224\" data-background-image=\"\" data-loaded=\"true\"><span class=\"xm-text f-bold\" data-key=\"spec_1\" data-type=\"text\" data-id=\"0d8d27d7a6\">\u062a\u062d\u062f\u064a\u062f<\/span><\/p>\n<div class=\"lazy\" data-type=\"bg\" data-id=\"6abc57637d\" data-background-image=\"\" data-loaded=\"true\">\n<div class=\"lazy\" data-type=\"bg\" data-id=\"65fc4721fc\" data-background-image=\"\" data-loaded=\"true\"><span class=\"xm-text f-medium\" data-key=\"spec_2\" data-type=\"text\" data-id=\"48860abd08\">\u0627\u0633\u0645<\/span><span class=\"xm-text f-light\" data-key=\"spec_3\" data-type=\"text\" data-id=\"3a557fe980\">\u0627\u0644\u0645\u0643\u0646\u0633\u0629 \u0627\u0644\u0643\u0647\u0631\u0628\u0627\u0626\u064a\u0629 Xiaomi G11<\/span><\/div>\n<div class=\"lazy\" data-type=\"bg\" data-id=\"af33f5760d\" data-background-image=\"\" data-loaded=\"true\"><span class=\"xm-text f-medium\" data-key=\"spec_4\" data-type=\"text\" data-id=\"ec7bb36d9d\">\u0646\u0645\u0648\u0630\u062c<\/span><span class=\"xm-text f-light\" data-key=\"spec_5\" data-type=\"text\" data-id=\"6eeef9f556\">MJWXCQ05XYHW<\/span><\/div>\n<div class=\"lazy\" data-type=\"bg\" data-id=\"004bc73e1e\" data-background-image=\"\" data-loaded=\"true\"><span class=\"xm-text f-medium\" data-key=\"spec_6\" data-type=\"text\" data-id=\"5a19829117\">\u0623\u0628\u0639\u0627\u062f \u0627\u0644\u0645\u0643\u0646\u0633\u0629 \u0627\u0644\u0643\u0647\u0631\u0628\u0627\u0626\u064a\u0629<\/span><span class=\"xm-text f-light\" data-key=\"spec_7\" data-type=\"text\" data-id=\"c26459a79f\">341.5 \u00d7 100 \u00d7 266.5 \u0645\u0644\u0645<\/span><\/div>\n<div class=\"lazy\" data-type=\"bg\" data-id=\"0903a355bf\" data-background-image=\"\" data-loaded=\"true\"><span class=\"xm-text f-medium\" data-key=\"spec_8\" data-type=\"text\" data-id=\"1bbdefbfd9\">\u0627\u0644\u0648\u0632\u0646 \u0627\u0644\u0635\u0627\u0641\u064a \u0644\u0644\u0645\u0643\u0646\u0633\u0629 \u0627\u0644\u0643\u0647\u0631\u0628\u0627\u0626\u064a\u0629<\/span><span class=\"xm-text f-light\" data-key=\"spec_9\" data-type=\"text\" data-id=\"b80d86b565\">\u062a\u0642\u0631\u064a\u0628\u0627. 1.6 \u0643\u062c\u0645<\/span><\/div>\n<div class=\"lazy\" data-type=\"bg\" data-id=\"873e33cf04\" data-background-image=\"\" data-loaded=\"true\"><span class=\"xm-text f-medium\" data-key=\"spec_10\" data-type=\"text\" data-id=\"683410cd90\">\u0633\u0639\u0629 \u062d\u062c\u0631\u0629 \u0627\u0644\u063a\u0628\u0627\u0631<\/span><span class=\"xm-text f-light\" data-key=\"spec_11\" data-type=\"text\" data-id=\"0796e48d45\">\u062a\u0642\u0631\u064a\u0628\u0627. 0.3 \u0644\u062a\u0631 \u0643\u062d\u062f \u0623\u0642\u0635\u0649.<\/span><\/div>\n<div class=\"lazy\" data-type=\"bg\" data-id=\"e69fe94f27\" data-background-image=\"\" data-loaded=\"true\"><span class=\"xm-text f-medium\" data-key=\"spec_12\" data-type=\"text\" data-id=\"d5a3546de5\">\u0627\u0644\u0641\u0648\u0644\u0637\u064a\u0629<\/span><span class=\"xm-text f-light\" data-key=\"spec_13\" data-type=\"text\" data-id=\"3ef9162b44\">22.2 \u0641\u0648\u0644\u062a \u2393<\/span><\/div>\n<div class=\"lazy\" data-type=\"bg\" data-id=\"27b32d17b0\" data-background-image=\"\" data-loaded=\"true\"><span class=\"xm-text f-medium\" data-key=\"spec_14\" data-type=\"text\" data-id=\"c0aa2a8206\">\u0627\u0644\u0642\u0648\u0629 \u0627\u0644\u0645\u0635\u0646\u0641\u0629<\/span><span class=\"xm-text f-light\" data-key=\"spec_15\" data-type=\"text\" data-id=\"99fd3a0e5a\">500 \u0648\u0627\u0637<\/span><\/div>\n<\/div>\n<\/div>\n<\/div>\n<div class=\"lazy\" data-type=\"bg\" data-id=\"b06af73081\" data-background-image=\"\" data-loaded=\"true\">\n<div class=\"lazy\" data-type=\"bg\" data-id=\"69349cad0f\" data-background-image=\"\" data-loaded=\"true\"><span class=\"xm-text f-bold\" data-key=\"spec_16\" data-type=\"text\" data-id=\"5df8cc6391\">\u0645\u062d\u062a\u0648\u064a\u0627\u062a \u0627\u0644\u062d\u0632\u0645\u0629<\/span><\/p>\n<div class=\"lazy\" data-type=\"bg\" data-id=\"df81a9e0c8\" data-background-image=\"\" data-loaded=\"true\">\n<div class=\"lazy\" data-type=\"bg\" data-id=\"4523907762\" data-background-image=\"\" data-loaded=\"true\"><span class=\"xm-text f-medium\" data-key=\"spec_17\" data-type=\"text\" data-id=\"0c1c83803b\">\u0645\u0643\u0646\u0633\u0629 \u0643\u0647\u0631\u0628\u0627\u0626\u064a\u0629 \u00d71<\/span><\/div>\n<div class=\"lazy\" data-type=\"bg\" data-id=\"f33f00c83f\" data-background-image=\"\" data-loaded=\"true\"><span class=\"xm-text f-medium\" data-key=\"spec_18\" data-type=\"text\" data-id=\"c99edc8542\">\u062d\u0632\u0645\u0629 \u0627\u0644\u0628\u0637\u0627\u0631\u064a\u0629 \u00d71<\/span><\/div>\n<div class=\"lazy\" data-type=\"bg\" data-id=\"ab3f0d1eed\" data-background-image=\"\" data-loaded=\"true\"><span class=\"xm-text f-medium\" data-key=\"spec_19\" data-type=\"text\" data-id=\"1048aec103\">\u0645\u062d\u0648\u0644 \u0627\u0644\u0637\u0627\u0642\u0629 \u00d71<\/span><\/div>\n<div class=\"lazy\" data-type=\"bg\" data-id=\"a2e93dd90d\" data-background-image=\"\" data-loaded=\"true\"><span class=\"xm-text f-medium\" data-key=\"spec_20\" data-type=\"text\" data-id=\"8b05539c7e\">\u0631\u0623\u0633 \u0641\u0631\u0634\u0627\u0629 \u0643\u0647\u0631\u0628\u0627\u0626\u064a\u0629 \u062e\u0627\u0644\u064a\u0629 \u0645\u0646 \u0627\u0644\u062a\u0634\u0627\u0628\u0643 \u00d71<\/span><\/div>\n<div class=\"lazy\" data-type=\"bg\" data-id=\"d415667348\" data-background-image=\"\" data-loaded=\"true\"><span class=\"xm-text f-medium\" data-key=\"spec_21\" data-type=\"text\" data-id=\"747b905455\">\u0641\u0631\u0634\u0627\u0629 \u0627\u0644\u0639\u062b \u0627\u0644\u0643\u0647\u0631\u0628\u0627\u0626\u064a\u0629 \u00d71<\/span><\/div>\n<div class=\"lazy\" data-type=\"bg\" data-id=\"b62e331349\" data-background-image=\"\" data-loaded=\"true\"><span class=\"xm-text f-medium\" data-key=\"spec_22\" data-type=\"text\" data-id=\"25f3646981\">\u0642\u0636\u064a\u0628 \u0627\u0644\u062a\u0645\u062f\u064a\u062f \u00d71<\/span><\/div>\n<div class=\"lazy\" data-type=\"bg\" data-id=\"ab7840d171\" data-background-image=\"\" data-loaded=\"true\"><span class=\"xm-text f-medium\" data-key=\"spec_23\" data-type=\"text\" data-id=\"fd6ee4dd90\">\u0641\u0648\u0647\u0629 \u0627\u0644\u0634\u0642\u0648\u0642 \u00d7 1<\/span><\/div>\n<div class=\"lazy\" data-type=\"bg\" data-id=\"19be91128a\" data-background-image=\"\" data-loaded=\"true\"><span class=\"xm-text f-medium\" data-key=\"spec_24\" data-type=\"text\" data-id=\"5039a3227b\">\u0641\u0648\u0647\u0629 \u0627\u0644\u0641\u0631\u0634\u0627\u0629 \u00d71<\/span><\/div>\n<div class=\"lazy\" data-type=\"bg\" data-id=\"0c94acfbed\" data-background-image=\"\" data-loaded=\"true\"><span class=\"xm-text f-medium\" data-key=\"spec_25\" data-type=\"text\" data-id=\"b2c569547c\">\u062d\u0627\u0645\u0644 \u0634\u062d\u0646 \u0648\u062a\u062e\u0632\u064a\u0646 2 \u0641\u064a 1 \u00d7 1 (\u0628\u0645\u0627 \u0641\u064a \u0630\u0644\u0643 \u0627\u0644\u0628\u0631\u0627\u063a\u064a \u0630\u0627\u062a\u064a\u0629 \u0627\u0644\u0644\u0648\u0644\u0628\u0629 \u00d7 2\u060c \u0648\u0645\u0642\u0627\u0628\u0633 \u0627\u0644\u062d\u0627\u0626\u0637 \u00d7 2) <\/span><\/div>\n<div class=\"lazy\" data-type=\"bg\" data-id=\"75f137c286\" data-background-image=\"\" data-loaded=\"true\"><span class=\"xm-text f-medium\" data-key=\"spec_26\" data-type=\"text\" data-id=\"7a94cab778\">\u062f\u0644\u064a\u0644 \u0627\u0644\u0645\u0633\u062a\u062e\u062f\u0645 \u00d71<\/span><\/div>\n<div class=\"lazy\" data-type=\"bg\" data-id=\"86dc65dab5\" data-background-image=\"\" data-loaded=\"true\"><span class=\"xm-text f-medium\" data-key=\"spec_27\" data-type=\"text\" data-id=\"e1c51160e9\">\u062f\u0644\u064a\u0644 \u0627\u0644\u0628\u062f\u0621 \u0627\u0644\u0633\u0631\u064a\u0639 \u00d71<\/span><\/div>\n<\/div>\n<\/div>\n<\/div>","protected":false},"excerpt":{"rendered":"<p>Specifications NameXiaomi Vacuum Cleaner G11 ModelMJWXCQ05XYHW Vacuum Cleaner Dimensions341.5 \u00d7 100 \u00d7 266.5 mm Vacuum Cleaner Net WeightApprox. 1.6 kg Dust Compartment CapacityApprox. 0.3 L Max. Rated Voltage22.2 V \u2393 Rated Power500 W Package Contents Vacuum Cleaner \u00d71 Battery Pack \u00d71 Power Adapter \u00d71 Electric Tangle-free Brush Head \u00d71 Electric Mite Brush \u00d71 Extension Rod [&hellip;]<\/p>","protected":false},"featured_media":0,"template":"","meta":[],"product_brand":[1363],"product_cat":[1344,1305],"product_tag":[],"class_list":{"0":"post-26107","1":"product","2":"type-product","3":"status-publish","5":"product_brand-xiaomi","6":"product_cat-mi-vacuum-cleaner","7":"product_cat-xiaomi-eco","9":"first","10":"instock","11":"shipping-taxable","12":"product-type-simple"},"aioseo_notices":[],"aioseo_head":"\n\t\t<!-- All in One SEO Pro 4.5.9.2 - aioseo.com -->\n\t\t<meta name=\"description\" content=\"Specifications NameXiaomi Vacuum Cleaner G11 ModelMJWXCQ05XYHW Vacuum Cleaner Dimensions341.5 \u00d7 100 \u00d7 266.5 mm Vacuum Cleaner Net WeightApprox. 1.6 kg Dust Compartment CapacityApprox. 0.3 L Max. Rated Voltage22.2 V \u2393 Rated Power500 W Package Contents Vacuum Cleaner \u00d71 Battery Pack \u00d71 Power Adapter \u00d71 Electric Tangle-free Brush Head \u00d71 Electric Mite Brush \u00d71 Extension Rod\" \/>\n\t\t<meta name=\"robots\" content=\"max-image-preview:large\" \/>\n\t\t<link rel=\"canonical\" href=\"https:\/\/www.rucashk.com\/ar\/product\/mi-vaccum-g11-eu\/\" \/>\n\t\t<meta name=\"generator\" content=\"All in One SEO Pro (AIOSEO) 4.5.9.2\" \/>\n\t\t<meta property=\"og:locale\" content=\"ar_AR\" \/>\n\t\t<meta property=\"og:site_name\" content=\"Rucas - One-stop AIoT Distribution Worldwide\" \/>\n\t\t<meta property=\"og:type\" content=\"article\" \/>\n\t\t<meta property=\"og:title\" content=\"Mi Vaccum G11 EU - Rucas - Wholesale and Distribution\" \/>\n\t\t<meta property=\"og:description\" content=\"Specifications NameXiaomi Vacuum Cleaner G11 ModelMJWXCQ05XYHW Vacuum Cleaner Dimensions341.5 \u00d7 100 \u00d7 266.5 mm Vacuum Cleaner Net WeightApprox. 1.6 kg Dust Compartment CapacityApprox. 0.3 L Max. Rated Voltage22.2 V \u2393 Rated Power500 W Package Contents Vacuum Cleaner \u00d71 Battery Pack \u00d71 Power Adapter \u00d71 Electric Tangle-free Brush Head \u00d71 Electric Mite Brush \u00d71 Extension Rod\" \/>\n\t\t<meta property=\"og:url\" content=\"https:\/\/www.rucashk.com\/ar\/product\/mi-vaccum-g11-eu\/\" \/>\n\t\t<meta property=\"og:image\" content=\"https:\/\/www.rucashk.com\/wp-content\/uploads\/replace\/503b8e645f128a97ccde2b6290747646.jpeg\" \/>\n\t\t<meta property=\"og:image:secure_url\" content=\"https:\/\/www.rucashk.com\/wp-content\/uploads\/replace\/503b8e645f128a97ccde2b6290747646.jpeg\" \/>\n\t\t<meta property=\"og:image:width\" content=\"1456\" \/>\n\t\t<meta property=\"og:image:height\" content=\"816\" \/>\n\t\t<meta property=\"article:published_time\" content=\"2024-01-09T16:24:30+00:00\" \/>\n\t\t<meta property=\"article:modified_time\" content=\"2025-06-22T06:39:39+00:00\" \/>\n\t\t<meta name=\"twitter:card\" content=\"summary_large_image\" \/>\n\t\t<meta name=\"twitter:title\" content=\"Mi Vaccum G11 EU - Rucas - Wholesale and Distribution\" \/>\n\t\t<meta name=\"twitter:description\" content=\"Specifications NameXiaomi Vacuum Cleaner G11 ModelMJWXCQ05XYHW Vacuum Cleaner Dimensions341.5 \u00d7 100 \u00d7 266.5 mm Vacuum Cleaner Net WeightApprox. 1.6 kg Dust Compartment CapacityApprox. 0.3 L Max. Rated Voltage22.2 V \u2393 Rated Power500 W Package Contents Vacuum Cleaner \u00d71 Battery Pack \u00d71 Power Adapter \u00d71 Electric Tangle-free Brush Head \u00d71 Electric Mite Brush \u00d71 Extension Rod\" \/>\n\t\t<meta name=\"twitter:image\" content=\"https:\/\/www.rucashk.com\/wp-content\/uploads\/replace\/503b8e645f128a97ccde2b6290747646.jpeg\" \/>\n\t\t<script type=\"application\/ld+json\" class=\"aioseo-schema\">\n\t\t\t{\"@context\":\"https:\\\/\\\/schema.org\",\"@graph\":[{\"@type\":\"BreadcrumbList\",\"@id\":\"https:\\\/\\\/www.rucashk.com\\\/ar\\\/product\\\/mi-vaccum-g11-eu\\\/#breadcrumblist\",\"itemListElement\":[{\"@type\":\"ListItem\",\"@id\":\"https:\\\/\\\/www.rucashk.com\\\/ar\\\/#listItem\",\"position\":1,\"name\":\"Home\",\"item\":\"https:\\\/\\\/www.rucashk.com\\\/ar\\\/\",\"nextItem\":\"https:\\\/\\\/www.rucashk.com\\\/ar\\\/product\\\/mi-vaccum-g11-eu\\\/#listItem\"},{\"@type\":\"ListItem\",\"@id\":\"https:\\\/\\\/www.rucashk.com\\\/ar\\\/product\\\/mi-vaccum-g11-eu\\\/#listItem\",\"position\":2,\"name\":\"Mi Vaccum G11 EU\",\"previousItem\":\"https:\\\/\\\/www.rucashk.com\\\/ar\\\/#listItem\"}]},{\"@type\":\"Organization\",\"@id\":\"https:\\\/\\\/www.rucashk.com\\\/ar\\\/#organization\",\"name\":\"Rucas\",\"url\":\"https:\\\/\\\/www.rucashk.com\\\/ar\\\/\",\"logo\":{\"@type\":\"ImageObject\",\"url\":\"https:\\\/\\\/www.rucashk.com\\\/wp-content\\\/uploads\\\/2023\\\/12\\\/Rucas_campany_logo.png\",\"@id\":\"https:\\\/\\\/www.rucashk.com\\\/ar\\\/product\\\/mi-vaccum-g11-eu\\\/#organizationLogo\",\"width\":221,\"height\":65},\"image\":{\"@id\":\"https:\\\/\\\/www.rucashk.com\\\/ar\\\/#organizationLogo\"}},{\"@type\":\"Person\",\"@id\":\"https:\\\/\\\/www.rucashk.com\\\/ar\\\/author\\\/admin\\\/#author\",\"url\":\"https:\\\/\\\/www.rucashk.com\\\/ar\\\/author\\\/admin\\\/\",\"name\":\"admin\",\"image\":{\"@type\":\"ImageObject\",\"@id\":\"https:\\\/\\\/www.rucashk.com\\\/ar\\\/product\\\/mi-vaccum-g11-eu\\\/#authorImage\",\"url\":\"https:\\\/\\\/secure.gravatar.com\\\/avatar\\\/b7c8925b09a27e72b30232f8ecaadbd5af0f70a38c78096863fe51b64f031c24?s=96&d=mm&r=g\",\"width\":96,\"height\":96,\"caption\":\"admin\"}},{\"@type\":\"WebPage\",\"@id\":\"https:\\\/\\\/www.rucashk.com\\\/ar\\\/product\\\/mi-vaccum-g11-eu\\\/#webpage\",\"url\":\"https:\\\/\\\/www.rucashk.com\\\/ar\\\/product\\\/mi-vaccum-g11-eu\\\/\",\"name\":\"Mi Vaccum G11 EU - Rucas - Wholesale and Distribution\",\"description\":\"Specifications NameXiaomi Vacuum Cleaner G11 ModelMJWXCQ05XYHW Vacuum Cleaner Dimensions341.5 \\u00d7 100 \\u00d7 266.5 mm Vacuum Cleaner Net WeightApprox. 1.6 kg Dust Compartment CapacityApprox. 0.3 L Max. Rated Voltage22.2 V \\u2393 Rated Power500 W Package Contents Vacuum Cleaner \\u00d71 Battery Pack \\u00d71 Power Adapter \\u00d71 Electric Tangle-free Brush Head \\u00d71 Electric Mite Brush \\u00d71 Extension Rod\",\"inLanguage\":\"ar\",\"isPartOf\":{\"@id\":\"https:\\\/\\\/www.rucashk.com\\\/ar\\\/#website\"},\"breadcrumb\":{\"@id\":\"https:\\\/\\\/www.rucashk.com\\\/ar\\\/product\\\/mi-vaccum-g11-eu\\\/#breadcrumblist\"},\"author\":{\"@id\":\"https:\\\/\\\/www.rucashk.com\\\/ar\\\/author\\\/admin\\\/#author\"},\"creator\":{\"@id\":\"https:\\\/\\\/www.rucashk.com\\\/ar\\\/author\\\/admin\\\/#author\"},\"datePublished\":\"2024-01-09T16:24:30+00:00\",\"dateModified\":\"2025-06-22T06:39:39+00:00\"},{\"@type\":\"WebSite\",\"@id\":\"https:\\\/\\\/www.rucashk.com\\\/ar\\\/#website\",\"url\":\"https:\\\/\\\/www.rucashk.com\\\/ar\\\/\",\"name\":\"Rucas - Wholesale and distribution worldwide\",\"alternateName\":\"Rucas - One-stop AIoT Distribution Worldwide\",\"description\":\"One-stop AIoT Distribution Worldwide\",\"inLanguage\":\"ar\",\"publisher\":{\"@id\":\"https:\\\/\\\/www.rucashk.com\\\/ar\\\/#organization\"}}]}\n\t\t<\/script>\n\t\t<!-- All in One SEO Pro -->\r\n\t\t<title>Mi Vaccum G11 EU - Rucas - Wholesale and Distribution<\/title>\n\n","aioseo_head_json":{"title":"Mi Vaccum G11 EU - Rucas - Wholesale and Distribution","description":"Specifications NameXiaomi Vacuum Cleaner G11 ModelMJWXCQ05XYHW Vacuum Cleaner Dimensions341.5 \u00d7 100 \u00d7 266.5 mm Vacuum Cleaner Net WeightApprox. 1.6 kg Dust Compartment CapacityApprox. 0.3 L Max. Rated Voltage22.2 V \u2393 Rated Power500 W Package Contents Vacuum Cleaner \u00d71 Battery Pack \u00d71 Power Adapter \u00d71 Electric Tangle-free Brush Head \u00d71 Electric Mite Brush \u00d71 Extension Rod","canonical_url":"https:\/\/www.rucashk.com\/ar\/product\/mi-vaccum-g11-eu\/","robots":"max-image-preview:large","keywords":"","webmasterTools":{"miscellaneous":""},"og:locale":"ar_AR","og:site_name":"Rucas - One-stop AIoT Distribution Worldwide","og:type":"article","og:title":"Mi Vaccum G11 EU - Rucas - Wholesale and Distribution","og:description":"Specifications NameXiaomi Vacuum Cleaner G11 ModelMJWXCQ05XYHW Vacuum Cleaner Dimensions341.5 \u00d7 100 \u00d7 266.5 mm Vacuum Cleaner Net WeightApprox. 1.6 kg Dust Compartment CapacityApprox. 0.3 L Max. Rated Voltage22.2 V \u2393 Rated Power500 W Package Contents Vacuum Cleaner \u00d71 Battery Pack \u00d71 Power Adapter \u00d71 Electric Tangle-free Brush Head \u00d71 Electric Mite Brush \u00d71 Extension Rod","og:url":"https:\/\/www.rucashk.com\/ar\/product\/mi-vaccum-g11-eu\/","og:image":"https:\/\/www.rucashk.com\/wp-content\/uploads\/replace\/503b8e645f128a97ccde2b6290747646.jpeg","og:image:secure_url":"https:\/\/www.rucashk.com\/wp-content\/uploads\/replace\/503b8e645f128a97ccde2b6290747646.jpeg","og:image:width":1456,"og:image:height":816,"article:published_time":"2024-01-09T16:24:30+00:00","article:modified_time":"2025-06-22T06:39:39+00:00","twitter:card":"summary_large_image","twitter:title":"Mi Vaccum G11 EU - Rucas - Wholesale and Distribution","twitter:description":"Specifications NameXiaomi Vacuum Cleaner G11 ModelMJWXCQ05XYHW Vacuum Cleaner Dimensions341.5 \u00d7 100 \u00d7 266.5 mm Vacuum Cleaner Net WeightApprox. 1.6 kg Dust Compartment CapacityApprox. 0.3 L Max. Rated Voltage22.2 V \u2393 Rated Power500 W Package Contents Vacuum Cleaner \u00d71 Battery Pack \u00d71 Power Adapter \u00d71 Electric Tangle-free Brush Head \u00d71 Electric Mite Brush \u00d71 Extension Rod","twitter:image":"https:\/\/www.rucashk.com\/wp-content\/uploads\/replace\/503b8e645f128a97ccde2b6290747646.jpeg","schema":{"@context":"https:\/\/schema.org","@graph":[{"@type":"BreadcrumbList","@id":"https:\/\/www.rucashk.com\/ar\/product\/mi-vaccum-g11-eu\/#breadcrumblist","itemListElement":[{"@type":"ListItem","@id":"https:\/\/www.rucashk.com\/ar\/#listItem","position":1,"name":"Home","item":"https:\/\/www.rucashk.com\/ar\/","nextItem":"https:\/\/www.rucashk.com\/ar\/product\/mi-vaccum-g11-eu\/#listItem"},{"@type":"ListItem","@id":"https:\/\/www.rucashk.com\/ar\/product\/mi-vaccum-g11-eu\/#listItem","position":2,"name":"Mi Vaccum G11 EU","previousItem":"https:\/\/www.rucashk.com\/ar\/#listItem"}]},{"@type":"Organization","@id":"https:\/\/www.rucashk.com\/ar\/#organization","name":"Rucas","url":"https:\/\/www.rucashk.com\/ar\/","logo":{"@type":"ImageObject","url":"https:\/\/www.rucashk.com\/wp-content\/uploads\/2023\/12\/Rucas_campany_logo.png","@id":"https:\/\/www.rucashk.com\/ar\/product\/mi-vaccum-g11-eu\/#organizationLogo","width":221,"height":65},"image":{"@id":"https:\/\/www.rucashk.com\/ar\/#organizationLogo"}},{"@type":"Person","@id":"https:\/\/www.rucashk.com\/ar\/author\/admin\/#author","url":"https:\/\/www.rucashk.com\/ar\/author\/admin\/","name":"admin","image":{"@type":"ImageObject","@id":"https:\/\/www.rucashk.com\/ar\/product\/mi-vaccum-g11-eu\/#authorImage","url":"https:\/\/secure.gravatar.com\/avatar\/b7c8925b09a27e72b30232f8ecaadbd5af0f70a38c78096863fe51b64f031c24?s=96&d=mm&r=g","width":96,"height":96,"caption":"admin"}},{"@type":"WebPage","@id":"https:\/\/www.rucashk.com\/ar\/product\/mi-vaccum-g11-eu\/#webpage","url":"https:\/\/www.rucashk.com\/ar\/product\/mi-vaccum-g11-eu\/","name":"Mi Vaccum G11 EU - Rucas - Wholesale and Distribution","description":"Specifications NameXiaomi Vacuum Cleaner G11 ModelMJWXCQ05XYHW Vacuum Cleaner Dimensions341.5 \u00d7 100 \u00d7 266.5 mm Vacuum Cleaner Net WeightApprox. 1.6 kg Dust Compartment CapacityApprox. 0.3 L Max. Rated Voltage22.2 V \u2393 Rated Power500 W Package Contents Vacuum Cleaner \u00d71 Battery Pack \u00d71 Power Adapter \u00d71 Electric Tangle-free Brush Head \u00d71 Electric Mite Brush \u00d71 Extension Rod","inLanguage":"ar","isPartOf":{"@id":"https:\/\/www.rucashk.com\/ar\/#website"},"breadcrumb":{"@id":"https:\/\/www.rucashk.com\/ar\/product\/mi-vaccum-g11-eu\/#breadcrumblist"},"author":{"@id":"https:\/\/www.rucashk.com\/ar\/author\/admin\/#author"},"creator":{"@id":"https:\/\/www.rucashk.com\/ar\/author\/admin\/#author"},"datePublished":"2024-01-09T16:24:30+00:00","dateModified":"2025-06-22T06:39:39+00:00"},{"@type":"WebSite","@id":"https:\/\/www.rucashk.com\/ar\/#website","url":"https:\/\/www.rucashk.com\/ar\/","name":"Rucas - Wholesale and distribution worldwide","alternateName":"Rucas - One-stop AIoT Distribution Worldwide","description":"One-stop AIoT Distribution Worldwide","inLanguage":"ar","publisher":{"@id":"https:\/\/www.rucashk.com\/ar\/#organization"}}]}},"aioseo_meta_data":{"post_id":"26107","title":null,"description":null,"keywords":null,"keyphrases":null,"primary_term":null,"canonical_url":null,"og_title":null,"og_description":null,"og_object_type":"default","og_image_type":"default","og_image_url":null,"og_image_width":null,"og_image_height":null,"og_image_custom_url":null,"og_image_custom_fields":null,"og_video":null,"og_custom_url":null,"og_article_section":null,"og_article_tags":null,"twitter_use_og":false,"twitter_card":"default","twitter_image_type":"default","twitter_image_url":null,"twitter_image_custom_url":null,"twitter_image_custom_fields":null,"twitter_title":null,"twitter_description":null,"schema":{"blockGraphs":[],"customGraphs":[],"default":{"data":{"Article":[],"Course":[],"Dataset":[],"FAQPage":[],"Movie":[],"Person":[],"Product":[],"Recipe":[],"Service":[],"SoftwareApplication":[],"WebPage":[]},"graphName":"","isEnabled":true},"graphs":[]},"schema_type":"default","schema_type_options":null,"pillar_content":false,"robots_default":true,"robots_noindex":false,"robots_noarchive":false,"robots_nosnippet":false,"robots_nofollow":false,"robots_noimageindex":false,"robots_noodp":false,"robots_notranslate":false,"robots_max_snippet":null,"robots_max_videopreview":null,"robots_max_imagepreview":"large","priority":null,"frequency":null,"local_seo":null,"breadcrumb_settings":null,"limit_modified_date":false,"created":"2024-04-11 01:57:20","updated":"2025-06-22 18:11:15"},"aioseo_breadcrumb":"<div class=\"aioseo-breadcrumbs\"><span class=\"aioseo-breadcrumb\">\n\t<a href=\"https:\/\/www.rucashk.com\/ar\" title=\"Home\">Home<\/a>\n<\/span><span class=\"aioseo-breadcrumb-separator\">&raquo;<\/span><span class=\"aioseo-breadcrumb\">\n\t<a href=\"https:\/\/www.rucashk.com\/ar\/products\/\" title=\"\u0627\u0644\u0645\u0646\u062a\u062c\u0627\u062a\">\u0627\u0644\u0645\u0646\u062a\u062c\u0627\u062a<\/a>\n<\/span><span class=\"aioseo-breadcrumb-separator\">&raquo;<\/span><span class=\"aioseo-breadcrumb\">\n\t<a href=\"https:\/\/www.rucashk.com\/ar\/\u0627\u0644\u0639\u0644\u0627\u0645\u0629 \u0627\u0644\u062a\u062c\u0627\u0631\u064a\u0629\/xiaomi\/\" title=\"Xiaomi\">Xiaomi<\/a>\n<\/span><span class=\"aioseo-breadcrumb-separator\">&raquo;<\/span><span class=\"aioseo-breadcrumb\">\n\tMi Vaccum G11 EU\n<\/span><\/div>","aioseo_breadcrumb_json":[{"label":"Home","link":"https:\/\/www.rucashk.com\/ar"},{"label":"\u0627\u0644\u0645\u0646\u062a\u062c\u0627\u062a","link":"https:\/\/www.rucashk.com\/ar\/products\/"},{"label":"Xiaomi","link":"https:\/\/www.rucashk.com\/ar\/\u0627\u0644\u0639\u0644\u0627\u0645\u0629 \u0627\u0644\u062a\u062c\u0627\u0631\u064a\u0629\/xiaomi\/"},{"label":"Mi Vaccum G11 EU","link":"https:\/\/www.rucashk.com\/ar\/product\/mi-vaccum-g11-eu\/"}],"_links":{"self":[{"href":"https:\/\/www.rucashk.com\/ar\/wp-json\/wp\/v2\/product\/26107","targetHints":{"allow":["GET"]}}],"collection":[{"href":"https:\/\/www.rucashk.com\/ar\/wp-json\/wp\/v2\/product"}],"about":[{"href":"https:\/\/www.rucashk.com\/ar\/wp-json\/wp\/v2\/types\/product"}],"wp:attachment":[{"href":"https:\/\/www.rucashk.com\/ar\/wp-json\/wp\/v2\/media?parent=26107"}],"wp:term":[{"taxonomy":"product_brand","embeddable":true,"href":"https:\/\/www.rucashk.com\/ar\/wp-json\/wp\/v2\/product_brand?post=26107"},{"taxonomy":"product_cat","embeddable":true,"href":"https:\/\/www.rucashk.com\/ar\/wp-json\/wp\/v2\/product_cat?post=26107"},{"taxonomy":"product_tag","embeddable":true,"href":"https:\/\/www.rucashk.com\/ar\/wp-json\/wp\/v2\/product_tag?post=26107"}],"curies":[{"name":"wp","href":"https:\/\/api.w.org\/{rel}","templated":true}]}}