{"id":26067,"date":"2024-01-09T16:24:08","date_gmt":"2024-01-09T16:24:08","guid":{"rendered":"http:\/\/rucashk.com\/?post_type=product&#038;p=26067"},"modified":"2024-03-13T12:56:47","modified_gmt":"2024-03-13T12:56:47","slug":"huawei-p50e-smartphone-huawei-p50e-telefono-inteligente","status":"publish","type":"product","link":"https:\/\/www.rucashk.com\/ar\/product\/huawei-p50e-smartphone-huawei-p50e-telefono-inteligente\/","title":{"rendered":"\u0647\u0648\u0627\u0648\u064a P50E \u0627\u0644\u0647\u0627\u062a\u0641 \u0627\u0644\u0630\u0643\u064a | \u0647\u0627\u062a\u0641 \u0647\u0648\u0627\u0648\u064a p50e \u0630\u0643\u064a"},"content":{"rendered":"<h2 class=\"inc _hd\">\u0645\u0648\u0627\u0635\u0641\u0627\u062a \u0647\u0648\u0627\u0648\u064a P50E \u0627\u0644\u0643\u0627\u0645\u0644\u0629<\/h2>\n<div class=\"_gry-bg _spctbl _ovfhide\">\n<div class=\"_flx\">\n<div class=\"_hd\">\u0639\u0627\u0645<\/div>\n<\/div>\n<table>\n<tbody>\n<tr>\n<td>\u0645\u0627\u0631\u0643\u0629<\/td>\n<td>\u0647\u0648\u0627\u0648\u064a<\/td>\n<\/tr>\n<tr>\n<td>\u0646\u0645\u0648\u0630\u062c<\/td>\n<td>P50E<\/td>\n<\/tr>\n<tr>\n<td>\u062a\u0627\u0631\u064a\u062e \u0627\u0644\u0627\u0641\u0631\u0627\u062c \u0639\u0646\u0647<\/td>\n<td>16 \u0645\u0627\u0631\u0633 2022<\/td>\n<\/tr>\n<tr>\n<td>\u062a\u0645 \u0625\u0637\u0644\u0627\u0642\u0647 \u0641\u064a \u0627\u0644\u0647\u0646\u062f<\/td>\n<td>\u0644\u0627<\/td>\n<\/tr>\n<tr>\n<td>\u0634\u0643\u0644 \u0639\u0627\u0645\u0644<\/td>\n<td>\u0634\u0627\u0634\u0629 \u0627\u0644\u0644\u0645\u0633<\/td>\n<\/tr>\n<tr>\n<td>\u0627\u0644\u0623\u0628\u0639\u0627\u062f (\u0645\u0645)<\/td>\n<td>156.50 \u00d7 73.80 \u00d7 7.92<\/td>\n<\/tr>\n<tr>\n<td>\u0627\u0644\u0648\u0632\u0646 (\u062c\u0631\u0627\u0645)<\/td>\n<td>181.00<\/td>\n<\/tr>\n<tr>\n<td>\u0645\u0633\u062a\u0648\u064a \u0631\u0642\u0645 \u0627\u0644\u062a\u0639\u0631\u064a\u0641 \u0627\u0644\u0623\u0644\u0643\u062a\u0631\u0648\u0646\u064a<\/td>\n<td>IP68<\/td>\n<\/tr>\n<tr>\n<td>\u0633\u0639\u0629 \u0627\u0644\u0628\u0637\u0627\u0631\u064a\u0629 (\u0645\u0644\u0644\u064a \u0623\u0645\u0628\u064a\u0631)<\/td>\n<td>4100<\/td>\n<\/tr>\n<tr>\n<td>\u0627\u0644\u0634\u062d\u0646 \u0627\u0644\u0644\u0627\u0633\u0644\u0643\u064a<\/td>\n<td>\u0644\u0627<\/td>\n<\/tr>\n<tr>\n<td>\u0627\u0644\u0623\u0644\u0648\u0627\u0646<\/td>\n<td>\u0623\u0633\u0648\u062f \u0633\u0628\u062c\u060c \u0630\u0647\u0628\u064a \u0643\u0627\u0643\u0627\u0648\u060c \u0623\u0628\u064a\u0636 \u062b\u0644\u062c\u064a\u060c \u0623\u0632\u0631\u0642 \u062c\u0627\u0644\u0627\u0643\u0633\u064a<\/td>\n<\/tr>\n<\/tbody>\n<\/table>\n<\/div>\n<div class=\"_gry-bg _spctbl _ovfhide\">\n<div class=\"_flx\">\n<div class=\"_hd\">\u0639\u0631\u0636<\/div>\n<\/div>\n<table>\n<tbody>\n<tr>\n<td>\u0645\u0639\u062f\u0644 \u0627\u0644\u062a\u062d\u062f\u064a\u062b<\/td>\n<td>90 \u0647\u0631\u062a\u0632<\/td>\n<\/tr>\n<tr>\n<td>\u0645\u0639\u064a\u0627\u0631 \u0627\u0644\u0642\u0631\u0627\u0631<\/td>\n<td>\u0641\u0644 \u0627\u062a\u0634 \u062f\u064a+<\/td>\n<\/tr>\n<tr>\n<td>\u062d\u062c\u0645 \u0627\u0644\u0634\u0627\u0634\u0629 (\u0628\u0648\u0635\u0629)<\/td>\n<td>6.50<\/td>\n<\/tr>\n<tr>\n<td>\u0634\u0627\u0634\u0629 \u0627\u0644\u0644\u0645\u0633<\/td>\n<td>\u0646\u0639\u0645<\/td>\n<\/tr>\n<tr>\n<td>\u062f\u0642\u0629<\/td>\n<td>1224 \u00d7 2700 \u0628\u0643\u0633\u0644<\/td>\n<\/tr>\n<tr>\n<td>\u0628\u0643\u0633\u0644 \u0644\u0643\u0644 \u0628\u0648\u0635\u0629 (\u0646\u0642\u0637\u0629 \u0641\u064a \u0627\u0644\u0628\u0648\u0635\u0629)<\/td>\n<td>458<\/td>\n<\/tr>\n<\/tbody>\n<\/table>\n<\/div>\n<div class=\"_gry-bg _spctbl _ovfhide\">\n<div class=\"_flx\">\n<div class=\"_hd\">\u0627\u0644\u0645\u0639\u062f\u0627\u062a<\/div>\n<\/div>\n<table>\n<tbody>\n<tr>\n<td>\u0627\u0644\u0645\u0639\u0627\u0644\u062c<\/td>\n<td>\u062b\u0645\u0627\u0646\u064a \u0627\u0644\u0646\u0648\u0627\u0629<\/td>\n<\/tr>\n<tr>\n<td>\u0635\u0646\u0639 \u0627\u0644\u0645\u0639\u0627\u0644\u062c<\/td>\n<td>\u0643\u0648\u0627\u0644\u0643\u0648\u0645 \u0623\u0646\u0641 \u0627\u0644\u0639\u062c\u0644 778G<\/td>\n<\/tr>\n<tr>\n<td>\u0643\u0628\u0634<\/td>\n<td>8 \u062c\u064a\u062c\u0627\u0628\u0627\u064a\u062a<\/td>\n<\/tr>\n<tr>\n<td>\u0627\u0644\u062a\u062e\u0632\u064a\u0646 \u0627\u0644\u062f\u0627\u062e\u0644\u064a<\/td>\n<td>128 \u062c\u064a\u062c\u0627\u0628\u0627\u064a\u062a<\/td>\n<\/tr>\n<tr>\n<td>\u062a\u062e\u0632\u064a\u0646 \u0642\u0627\u0628\u0644 \u0644\u0644\u062a\u0648\u0633\u064a\u0639<\/td>\n<td>\u0646\u0639\u0645<\/td>\n<\/tr>\n<tr>\n<td>\u0646\u0648\u0639 \u0627\u0644\u062a\u062e\u0632\u064a\u0646 \u0627\u0644\u0642\u0627\u0628\u0644 \u0644\u0644\u062a\u0648\u0633\u064a\u0639<\/td>\n<td>\u0628\u0637\u0627\u0642\u0629 \u0630\u0627\u0643\u0631\u0629 \u0646\u0627\u0646\u0648<\/td>\n<\/tr>\n<tr>\n<td>\u0645\u0633\u0627\u062d\u0629 \u062a\u062e\u0632\u064a\u0646 \u0642\u0627\u0628\u0644\u0629 \u0644\u0644\u062a\u0648\u0633\u064a\u0639 \u062a\u0635\u0644 \u0625\u0644\u0649 (\u062c\u064a\u062c\u0627\u0628\u0627\u064a\u062a)<\/td>\n<td>256<\/td>\n<\/tr>\n<\/tbody>\n<\/table>\n<\/div>\n<div class=\"_gry-bg _spctbl _ovfhide\">\n<div class=\"_flx\">\n<div class=\"_hd\">\u0622\u0644\u0629 \u062a\u0635\u0648\u064a\u0631<\/div>\n<\/div>\n<table>\n<tbody>\n<tr>\n<td>\u0627\u0644\u0643\u0627\u0645\u064a\u0631\u0627 \u0627\u0644\u062e\u0644\u0641\u064a\u0629<\/td>\n<td>50 \u0645\u064a\u062c\u0627\u0628\u0643\u0633\u0644 + 13 \u0645\u064a\u062c\u0627\u0628\u0643\u0633\u0644 + 12 \u0645\u064a\u062c\u0627\u0628\u0643\u0633\u0644<\/td>\n<\/tr>\n<tr>\n<td>\u0639\u062f\u062f \u0627\u0644\u0643\u0627\u0645\u064a\u0631\u0627\u062a \u0627\u0644\u062e\u0644\u0641\u064a\u0629<\/td>\n<td>3<\/td>\n<\/tr>\n<tr>\n<td>\u0627\u0644\u0643\u0627\u0645\u064a\u0631\u0627 \u0627\u0644\u0623\u0645\u0627\u0645\u064a\u0629<\/td>\n<td>13 \u0645\u064a\u062c\u0627\u0628\u0643\u0633\u0644<\/td>\n<\/tr>\n<tr>\n<td>\u0639\u062f\u062f \u0627\u0644\u0643\u0627\u0645\u064a\u0631\u0627\u062a \u0627\u0644\u0623\u0645\u0627\u0645\u064a\u0629<\/td>\n<td>1<\/td>\n<\/tr>\n<\/tbody>\n<\/table>\n<\/div>\n<div class=\"_gry-bg _spctbl _ovfhide\">\n<div class=\"_flx\">\n<div class=\"_hd\">\u0628\u0631\u0645\u062c\u0629<\/div>\n<\/div>\n<table>\n<tbody>\n<tr>\n<td>\u0646\u0638\u0627\u0645 \u0627\u0644\u062a\u0634\u063a\u064a\u0644<\/td>\n<td>\u0646\u0638\u0627\u0645 \u062a\u0634\u063a\u064a\u0644 \u0647\u0627\u0631\u0645\u0648\u0646\u064a \u0646\u0638\u0627\u0645 \u062a\u0634\u063a\u064a\u0644 \u0647\u0627\u0631\u0645\u0648\u0646\u064a 2<\/td>\n<\/tr>\n<\/tbody>\n<\/table>\n<\/div>\n<div class=\"_gry-bg _spctbl _ovfhide\">\n<div class=\"_flx\">\n<div class=\"_hd\">\u0627\u0644\u0627\u062a\u0635\u0627\u0644<\/div>\n<\/div>\n<table>\n<tbody>\n<tr>\n<td>\u0648\u0627\u064a \u0641\u0627\u064a<\/td>\n<td>\u0646\u0639\u0645<\/td>\n<\/tr>\n<tr>\n<td>\u062f\u0639\u0645 \u0645\u0639\u0627\u064a\u064a\u0631 \u0648\u0627\u064a \u0641\u0627\u064a<\/td>\n<td>802.11 \u0623\/\u0628\/\u0632\/\u0646\/\u0627\u0644\u062a\u064a\u0627\u0631 \u0627\u0644\u0645\u062a\u0646\u0627\u0648\u0628<\/td>\n<\/tr>\n<tr>\n<td>\u0646\u0638\u0627\u0645 \u062a\u062d\u062f\u064a\u062f \u0627\u0644\u0645\u0648\u0627\u0642\u0639<\/td>\n<td>\u0646\u0639\u0645<\/td>\n<\/tr>\n<tr>\n<td>\u0628\u0644\u0648\u062a\u0648\u062b<\/td>\n<td>\u0646\u0639\u0645\u060c \u0627\u0644\u0625\u0635\u062f\u0627\u0631 5.20<\/td>\n<\/tr>\n<tr>\n<td>\u0646\u0641\u0643<\/td>\n<td>\u0646\u0639\u0645<\/td>\n<\/tr>\n<tr>\n<td>\u064a\u0648 \u0627\u0633 \u0628\u064a \u0645\u0646 \u0627\u0644\u0646\u0648\u0639 \u0633\u064a<\/td>\n<td>\u0646\u0639\u0645<\/td>\n<\/tr>\n<tr>\n<td>\u0639\u062f\u062f \u0634\u0631\u0627\u0626\u062d SIM<\/td>\n<td>2<\/td>\n<\/tr>\n<tr>\n<td>4G \u0646\u0634\u0637 \u0639\u0644\u0649 \u0643\u0644\u0627 \u0628\u0637\u0627\u0642\u062a\u064a SIM<\/td>\n<td>\u0646\u0639\u0645<\/td>\n<\/tr>\n<tr>\n<td class=\"_sim\" colspan=\"2\">\u0634\u0631\u064a\u062d\u0629 \u0627\u0644\u0627\u062a\u0635\u0627\u0644 1<\/td>\n<\/tr>\n<tr>\n<td>\u0646\u0648\u0639 \u0634\u0631\u064a\u062d\u0629 \u0627\u0644\u0627\u062a\u0635\u0627\u0644<\/td>\n<td>\u0646\u0627\u0646\u0648 \u0633\u064a\u0645<\/td>\n<\/tr>\n<tr>\n<td class=\"_sim\" colspan=\"2\">\u0634\u0631\u064a\u062d\u0629 \u0627\u0644\u0627\u062a\u0635\u0627\u0644 2<\/td>\n<\/tr>\n<tr>\n<td>\u0646\u0648\u0639 \u0634\u0631\u064a\u062d\u0629 \u0627\u0644\u0627\u062a\u0635\u0627\u0644<\/td>\n<td>\u0646\u0627\u0646\u0648 \u0633\u064a\u0645<\/td>\n<\/tr>\n<\/tbody>\n<\/table>\n<\/div>\n<div class=\"_gry-bg _spctbl _ovfhide\">\n<div class=\"_flx\">\n<div class=\"_hd\">\u0623\u062c\u0647\u0632\u0629 \u0627\u0644\u0627\u0633\u062a\u0634\u0639\u0627\u0631<\/div>\n<\/div>\n<table>\n<tbody>\n<tr>\n<td>\u0645\u0627\u0633\u062d \u0627\u0644\u0628\u0635\u0645\u0627\u062a<\/td>\n<td>\u0646\u0639\u0645<\/td>\n<\/tr>\n<tr>\n<td>\u0627\u0644\u0628\u0648\u0635\u0644\u0629 \/ \u0645\u0642\u064a\u0627\u0633 \u0627\u0644\u0645\u063a\u0646\u0627\u0637\u064a\u0633\u064a\u0629<\/td>\n<td>\u0646\u0639\u0645<\/td>\n<\/tr>\n<tr>\n<td>\u0645\u0633\u062a\u0634\u0639\u0631 \u0627\u0644\u0642\u0631\u0628<\/td>\n<td>\u0646\u0639\u0645<\/td>\n<\/tr>\n<tr>\n<td>\u0645\u0642\u064a\u0627\u0633 \u0627\u0644\u062a\u0633\u0627\u0631\u0639<\/td>\n<td>\u0646\u0639\u0645<\/td>\n<\/tr>\n<tr>\n<td>\u0645\u0633\u062a\u0634\u0639\u0631 \u0627\u0644\u0625\u0636\u0627\u0621\u0629 \u0627\u0644\u0645\u062d\u064a\u0637\u0629<\/td>\n<td>\u0646\u0639\u0645<\/td>\n<\/tr>\n<tr>\n<td>\u062c\u064a\u0631\u0648\u0633\u0643\u0648\u0628<\/td>\n<td>\u0646\u0639\u0645<\/td>\n<\/tr>\n<\/tbody>\n<\/table>\n<\/div>","protected":false},"excerpt":{"rendered":"<p>Mostrar<br \/>\n6,50 pulgadas (1224&#215;2700)<br \/>\nProcesador<br \/>\nSnapdragon 778G de Qualcomm<br \/>\nC\u00e1mara frontal<br \/>\n13 \u0645\u064a\u062c\u0627\u0628\u0643\u0633\u0644<br \/>\nC\u00e1mara trasera<br \/>\n50 MP + 13 MP + 12 MP<br \/>\n\u0643\u0628\u0634<br \/>\n8 \u062c\u064a\u062c\u0627\u0628\u0627\u064a\u062a<br \/>\nAlmacenamiento<br \/>\n128 \u062c\u064a\u062c\u0627\u0628\u0627\u064a\u062a<br \/>\nCapacidad de la bater\u00eda<br \/>\n4100mAh<br \/>\nsistema operativo<br \/>\nHarmony OS Harmony OS 2<\/p>","protected":false},"featured_media":26126,"template":"","meta":[],"product_brand":[],"product_cat":[1345,1322],"product_tag":[],"class_list":{"0":"post-26067","1":"product","2":"type-product","3":"status-publish","4":"has-post-thumbnail","6":"product_cat-huawei-other-a-brands","7":"product_cat-other-a-brands","9":"first","10":"instock","11":"shipping-taxable","12":"product-type-simple"},"aioseo_notices":[],"aioseo_head":"\n\t\t<!-- All in One SEO Pro 4.5.9.2 - aioseo.com -->\n\t\t<meta name=\"description\" content=\"Mostrar 6,50 pulgadas (1224x2700) Procesador Snapdragon 778G de Qualcomm C\u00e1mara frontal 13MP C\u00e1mara trasera 50 MP + 13 MP + 12 MP RAM 8GB Almacenamiento 128GB Capacidad de la bater\u00eda 4100mAh sistema operativo Harmony OS Harmony OS 2\" \/>\n\t\t<meta name=\"robots\" content=\"max-image-preview:large\" \/>\n\t\t<link rel=\"canonical\" href=\"https:\/\/www.rucashk.com\/ar\/product\/huawei-p50e-smartphone-huawei-p50e-telefono-inteligente\/\" \/>\n\t\t<meta name=\"generator\" content=\"All in One SEO Pro (AIOSEO) 4.5.9.2\" \/>\n\t\t<meta property=\"og:locale\" content=\"ar_AR\" \/>\n\t\t<meta property=\"og:site_name\" content=\"Rucas - One-stop AIoT Distribution Worldwide\" \/>\n\t\t<meta property=\"og:type\" content=\"article\" \/>\n\t\t<meta property=\"og:title\" content=\"huawei P50E Smartphone | huawei p50e tel\u00e9fono inteligente - Rucas - Wholesale and Distribution\" \/>\n\t\t<meta property=\"og:description\" content=\"Mostrar 6,50 pulgadas (1224x2700) Procesador Snapdragon 778G de Qualcomm C\u00e1mara frontal 13MP C\u00e1mara trasera 50 MP + 13 MP + 12 MP RAM 8GB Almacenamiento 128GB Capacidad de la bater\u00eda 4100mAh sistema operativo Harmony OS Harmony OS 2\" \/>\n\t\t<meta property=\"og:url\" content=\"https:\/\/www.rucashk.com\/ar\/product\/huawei-p50e-smartphone-huawei-p50e-telefono-inteligente\/\" \/>\n\t\t<meta property=\"og:image\" content=\"https:\/\/www.rucashk.com\/wp-content\/uploads\/replace\/503b8e645f128a97ccde2b6290747646.jpeg\" \/>\n\t\t<meta property=\"og:image:secure_url\" content=\"https:\/\/www.rucashk.com\/wp-content\/uploads\/replace\/503b8e645f128a97ccde2b6290747646.jpeg\" \/>\n\t\t<meta property=\"og:image:width\" content=\"1456\" \/>\n\t\t<meta property=\"og:image:height\" content=\"816\" \/>\n\t\t<meta property=\"article:published_time\" content=\"2024-01-09T16:24:08+00:00\" \/>\n\t\t<meta property=\"article:modified_time\" content=\"2024-03-13T12:56:47+00:00\" \/>\n\t\t<meta name=\"twitter:card\" content=\"summary_large_image\" \/>\n\t\t<meta name=\"twitter:title\" content=\"huawei P50E Smartphone | huawei p50e tel\u00e9fono inteligente - Rucas - Wholesale and Distribution\" \/>\n\t\t<meta name=\"twitter:description\" content=\"Mostrar 6,50 pulgadas (1224x2700) Procesador Snapdragon 778G de Qualcomm C\u00e1mara frontal 13MP C\u00e1mara trasera 50 MP + 13 MP + 12 MP RAM 8GB Almacenamiento 128GB Capacidad de la bater\u00eda 4100mAh sistema operativo Harmony OS Harmony OS 2\" \/>\n\t\t<meta name=\"twitter:image\" content=\"https:\/\/www.rucashk.com\/wp-content\/uploads\/replace\/503b8e645f128a97ccde2b6290747646.jpeg\" \/>\n\t\t<script type=\"application\/ld+json\" class=\"aioseo-schema\">\n\t\t\t{\"@context\":\"https:\\\/\\\/schema.org\",\"@graph\":[{\"@type\":\"BreadcrumbList\",\"@id\":\"https:\\\/\\\/www.rucashk.com\\\/ar\\\/product\\\/huawei-p50e-smartphone-huawei-p50e-telefono-inteligente\\\/#breadcrumblist\",\"itemListElement\":[{\"@type\":\"ListItem\",\"@id\":\"https:\\\/\\\/www.rucashk.com\\\/ar\\\/#listItem\",\"position\":1,\"name\":\"Home\",\"item\":\"https:\\\/\\\/www.rucashk.com\\\/ar\\\/\",\"nextItem\":\"https:\\\/\\\/www.rucashk.com\\\/ar\\\/product\\\/huawei-p50e-smartphone-huawei-p50e-telefono-inteligente\\\/#listItem\"},{\"@type\":\"ListItem\",\"@id\":\"https:\\\/\\\/www.rucashk.com\\\/ar\\\/product\\\/huawei-p50e-smartphone-huawei-p50e-telefono-inteligente\\\/#listItem\",\"position\":2,\"name\":\"huawei P50E Smartphone | huawei p50e tel\\u00e9fono inteligente\",\"previousItem\":\"https:\\\/\\\/www.rucashk.com\\\/ar\\\/#listItem\"}]},{\"@type\":\"Organization\",\"@id\":\"https:\\\/\\\/www.rucashk.com\\\/ar\\\/#organization\",\"name\":\"Rucas\",\"url\":\"https:\\\/\\\/www.rucashk.com\\\/ar\\\/\",\"logo\":{\"@type\":\"ImageObject\",\"url\":\"https:\\\/\\\/www.rucashk.com\\\/wp-content\\\/uploads\\\/2023\\\/12\\\/Rucas_campany_logo.png\",\"@id\":\"https:\\\/\\\/www.rucashk.com\\\/ar\\\/product\\\/huawei-p50e-smartphone-huawei-p50e-telefono-inteligente\\\/#organizationLogo\",\"width\":221,\"height\":65},\"image\":{\"@id\":\"https:\\\/\\\/www.rucashk.com\\\/ar\\\/#organizationLogo\"}},{\"@type\":\"Person\",\"@id\":\"https:\\\/\\\/www.rucashk.com\\\/ar\\\/author\\\/admin\\\/#author\",\"url\":\"https:\\\/\\\/www.rucashk.com\\\/ar\\\/author\\\/admin\\\/\",\"name\":\"admin\",\"image\":{\"@type\":\"ImageObject\",\"@id\":\"https:\\\/\\\/www.rucashk.com\\\/ar\\\/product\\\/huawei-p50e-smartphone-huawei-p50e-telefono-inteligente\\\/#authorImage\",\"url\":\"https:\\\/\\\/secure.gravatar.com\\\/avatar\\\/b7c8925b09a27e72b30232f8ecaadbd5af0f70a38c78096863fe51b64f031c24?s=96&d=mm&r=g\",\"width\":96,\"height\":96,\"caption\":\"admin\"}},{\"@type\":\"WebPage\",\"@id\":\"https:\\\/\\\/www.rucashk.com\\\/ar\\\/product\\\/huawei-p50e-smartphone-huawei-p50e-telefono-inteligente\\\/#webpage\",\"url\":\"https:\\\/\\\/www.rucashk.com\\\/ar\\\/product\\\/huawei-p50e-smartphone-huawei-p50e-telefono-inteligente\\\/\",\"name\":\"huawei P50E Smartphone | huawei p50e tel\\u00e9fono inteligente - Rucas - Wholesale and Distribution\",\"description\":\"Mostrar 6,50 pulgadas (1224x2700) Procesador Snapdragon 778G de Qualcomm C\\u00e1mara frontal 13MP C\\u00e1mara trasera 50 MP + 13 MP + 12 MP RAM 8GB Almacenamiento 128GB Capacidad de la bater\\u00eda 4100mAh sistema operativo Harmony OS Harmony OS 2\",\"inLanguage\":\"ar\",\"isPartOf\":{\"@id\":\"https:\\\/\\\/www.rucashk.com\\\/ar\\\/#website\"},\"breadcrumb\":{\"@id\":\"https:\\\/\\\/www.rucashk.com\\\/ar\\\/product\\\/huawei-p50e-smartphone-huawei-p50e-telefono-inteligente\\\/#breadcrumblist\"},\"author\":{\"@id\":\"https:\\\/\\\/www.rucashk.com\\\/ar\\\/author\\\/admin\\\/#author\"},\"creator\":{\"@id\":\"https:\\\/\\\/www.rucashk.com\\\/ar\\\/author\\\/admin\\\/#author\"},\"image\":{\"@type\":\"ImageObject\",\"url\":\"https:\\\/\\\/www.rucashk.com\\\/wp-content\\\/uploads\\\/2024\\\/01\\\/gsmarena_001.jpg\",\"@id\":\"https:\\\/\\\/www.rucashk.com\\\/ar\\\/product\\\/huawei-p50e-smartphone-huawei-p50e-telefono-inteligente\\\/#mainImage\",\"width\":640,\"height\":469},\"primaryImageOfPage\":{\"@id\":\"https:\\\/\\\/www.rucashk.com\\\/ar\\\/product\\\/huawei-p50e-smartphone-huawei-p50e-telefono-inteligente\\\/#mainImage\"},\"datePublished\":\"2024-01-09T16:24:08+00:00\",\"dateModified\":\"2024-03-13T12:56:47+00:00\"},{\"@type\":\"WebSite\",\"@id\":\"https:\\\/\\\/www.rucashk.com\\\/ar\\\/#website\",\"url\":\"https:\\\/\\\/www.rucashk.com\\\/ar\\\/\",\"name\":\"Rucas - Wholesale and distribution worldwide\",\"alternateName\":\"Rucas - One-stop AIoT Distribution Worldwide\",\"description\":\"One-stop AIoT Distribution Worldwide\",\"inLanguage\":\"ar\",\"publisher\":{\"@id\":\"https:\\\/\\\/www.rucashk.com\\\/ar\\\/#organization\"}}]}\n\t\t<\/script>\n\t\t<!-- All in One SEO Pro -->\r\n\t\t<title>huawei P50E Smartphone | huawei p50e tel\u00e9fono inteligente - Rucas - Wholesale and Distribution<\/title>\n\n","aioseo_head_json":{"title":"huawei P50E Smartphone | huawei p50e tel\u00e9fono inteligente - Rucas - Wholesale and Distribution","description":"Mostrar 6,50 pulgadas (1224x2700) Procesador Snapdragon 778G de Qualcomm C\u00e1mara frontal 13MP C\u00e1mara trasera 50 MP + 13 MP + 12 MP RAM 8GB Almacenamiento 128GB Capacidad de la bater\u00eda 4100mAh sistema operativo Harmony OS Harmony OS 2","canonical_url":"https:\/\/www.rucashk.com\/ar\/product\/huawei-p50e-smartphone-huawei-p50e-telefono-inteligente\/","robots":"max-image-preview:large","keywords":"","webmasterTools":{"miscellaneous":""},"og:locale":"ar_AR","og:site_name":"Rucas - One-stop AIoT Distribution Worldwide","og:type":"article","og:title":"huawei P50E Smartphone | huawei p50e tel\u00e9fono inteligente - Rucas - Wholesale and Distribution","og:description":"Mostrar 6,50 pulgadas (1224x2700) Procesador Snapdragon 778G de Qualcomm C\u00e1mara frontal 13MP C\u00e1mara trasera 50 MP + 13 MP + 12 MP RAM 8GB Almacenamiento 128GB Capacidad de la bater\u00eda 4100mAh sistema operativo Harmony OS Harmony OS 2","og:url":"https:\/\/www.rucashk.com\/ar\/product\/huawei-p50e-smartphone-huawei-p50e-telefono-inteligente\/","og:image":"https:\/\/www.rucashk.com\/wp-content\/uploads\/replace\/503b8e645f128a97ccde2b6290747646.jpeg","og:image:secure_url":"https:\/\/www.rucashk.com\/wp-content\/uploads\/replace\/503b8e645f128a97ccde2b6290747646.jpeg","og:image:width":1456,"og:image:height":816,"article:published_time":"2024-01-09T16:24:08+00:00","article:modified_time":"2024-03-13T12:56:47+00:00","twitter:card":"summary_large_image","twitter:title":"huawei P50E Smartphone | huawei p50e tel\u00e9fono inteligente - Rucas - Wholesale and Distribution","twitter:description":"Mostrar 6,50 pulgadas (1224x2700) Procesador Snapdragon 778G de Qualcomm C\u00e1mara frontal 13MP C\u00e1mara trasera 50 MP + 13 MP + 12 MP RAM 8GB Almacenamiento 128GB Capacidad de la bater\u00eda 4100mAh sistema operativo Harmony OS Harmony OS 2","twitter:image":"https:\/\/www.rucashk.com\/wp-content\/uploads\/replace\/503b8e645f128a97ccde2b6290747646.jpeg","schema":{"@context":"https:\/\/schema.org","@graph":[{"@type":"BreadcrumbList","@id":"https:\/\/www.rucashk.com\/ar\/product\/huawei-p50e-smartphone-huawei-p50e-telefono-inteligente\/#breadcrumblist","itemListElement":[{"@type":"ListItem","@id":"https:\/\/www.rucashk.com\/ar\/#listItem","position":1,"name":"Home","item":"https:\/\/www.rucashk.com\/ar\/","nextItem":"https:\/\/www.rucashk.com\/ar\/product\/huawei-p50e-smartphone-huawei-p50e-telefono-inteligente\/#listItem"},{"@type":"ListItem","@id":"https:\/\/www.rucashk.com\/ar\/product\/huawei-p50e-smartphone-huawei-p50e-telefono-inteligente\/#listItem","position":2,"name":"huawei P50E Smartphone | huawei p50e tel\u00e9fono inteligente","previousItem":"https:\/\/www.rucashk.com\/ar\/#listItem"}]},{"@type":"Organization","@id":"https:\/\/www.rucashk.com\/ar\/#organization","name":"Rucas","url":"https:\/\/www.rucashk.com\/ar\/","logo":{"@type":"ImageObject","url":"https:\/\/www.rucashk.com\/wp-content\/uploads\/2023\/12\/Rucas_campany_logo.png","@id":"https:\/\/www.rucashk.com\/ar\/product\/huawei-p50e-smartphone-huawei-p50e-telefono-inteligente\/#organizationLogo","width":221,"height":65},"image":{"@id":"https:\/\/www.rucashk.com\/ar\/#organizationLogo"}},{"@type":"Person","@id":"https:\/\/www.rucashk.com\/ar\/author\/admin\/#author","url":"https:\/\/www.rucashk.com\/ar\/author\/admin\/","name":"admin","image":{"@type":"ImageObject","@id":"https:\/\/www.rucashk.com\/ar\/product\/huawei-p50e-smartphone-huawei-p50e-telefono-inteligente\/#authorImage","url":"https:\/\/secure.gravatar.com\/avatar\/b7c8925b09a27e72b30232f8ecaadbd5af0f70a38c78096863fe51b64f031c24?s=96&d=mm&r=g","width":96,"height":96,"caption":"admin"}},{"@type":"WebPage","@id":"https:\/\/www.rucashk.com\/ar\/product\/huawei-p50e-smartphone-huawei-p50e-telefono-inteligente\/#webpage","url":"https:\/\/www.rucashk.com\/ar\/product\/huawei-p50e-smartphone-huawei-p50e-telefono-inteligente\/","name":"huawei P50E Smartphone | huawei p50e tel\u00e9fono inteligente - Rucas - Wholesale and Distribution","description":"Mostrar 6,50 pulgadas (1224x2700) Procesador Snapdragon 778G de Qualcomm C\u00e1mara frontal 13MP C\u00e1mara trasera 50 MP + 13 MP + 12 MP RAM 8GB Almacenamiento 128GB Capacidad de la bater\u00eda 4100mAh sistema operativo Harmony OS Harmony OS 2","inLanguage":"ar","isPartOf":{"@id":"https:\/\/www.rucashk.com\/ar\/#website"},"breadcrumb":{"@id":"https:\/\/www.rucashk.com\/ar\/product\/huawei-p50e-smartphone-huawei-p50e-telefono-inteligente\/#breadcrumblist"},"author":{"@id":"https:\/\/www.rucashk.com\/ar\/author\/admin\/#author"},"creator":{"@id":"https:\/\/www.rucashk.com\/ar\/author\/admin\/#author"},"image":{"@type":"ImageObject","url":"https:\/\/www.rucashk.com\/wp-content\/uploads\/2024\/01\/gsmarena_001.jpg","@id":"https:\/\/www.rucashk.com\/ar\/product\/huawei-p50e-smartphone-huawei-p50e-telefono-inteligente\/#mainImage","width":640,"height":469},"primaryImageOfPage":{"@id":"https:\/\/www.rucashk.com\/ar\/product\/huawei-p50e-smartphone-huawei-p50e-telefono-inteligente\/#mainImage"},"datePublished":"2024-01-09T16:24:08+00:00","dateModified":"2024-03-13T12:56:47+00:00"},{"@type":"WebSite","@id":"https:\/\/www.rucashk.com\/ar\/#website","url":"https:\/\/www.rucashk.com\/ar\/","name":"Rucas - Wholesale and distribution worldwide","alternateName":"Rucas - One-stop AIoT Distribution Worldwide","description":"One-stop AIoT Distribution Worldwide","inLanguage":"ar","publisher":{"@id":"https:\/\/www.rucashk.com\/ar\/#organization"}}]}},"aioseo_meta_data":{"post_id":"26067","title":null,"description":null,"keywords":null,"keyphrases":null,"primary_term":null,"canonical_url":null,"og_title":null,"og_description":null,"og_object_type":"default","og_image_type":"default","og_image_url":null,"og_image_width":null,"og_image_height":null,"og_image_custom_url":null,"og_image_custom_fields":null,"og_video":null,"og_custom_url":null,"og_article_section":null,"og_article_tags":null,"twitter_use_og":false,"twitter_card":"default","twitter_image_type":"default","twitter_image_url":null,"twitter_image_custom_url":null,"twitter_image_custom_fields":null,"twitter_title":null,"twitter_description":null,"schema":{"blockGraphs":[],"customGraphs":[],"default":{"data":{"Article":[],"Course":[],"Dataset":[],"FAQPage":[],"Movie":[],"Person":[],"Product":[],"Recipe":[],"Service":[],"SoftwareApplication":[],"WebPage":[]},"graphName":"","isEnabled":true},"graphs":[]},"schema_type":"default","schema_type_options":null,"pillar_content":false,"robots_default":true,"robots_noindex":false,"robots_noarchive":false,"robots_nosnippet":false,"robots_nofollow":false,"robots_noimageindex":false,"robots_noodp":false,"robots_notranslate":false,"robots_max_snippet":null,"robots_max_videopreview":null,"robots_max_imagepreview":"large","priority":null,"frequency":null,"local_seo":null,"breadcrumb_settings":null,"limit_modified_date":false,"created":"2024-04-11 01:57:20","updated":"2025-06-22 18:09:57"},"aioseo_breadcrumb":"<div class=\"aioseo-breadcrumbs\"><span class=\"aioseo-breadcrumb\">\n\t<a href=\"https:\/\/www.rucashk.com\/ar\" title=\"Home\">Home<\/a>\n<\/span><span class=\"aioseo-breadcrumb-separator\">&raquo;<\/span><span class=\"aioseo-breadcrumb\">\n\t<a href=\"https:\/\/www.rucashk.com\/ar\/products\/\" title=\"\u0627\u0644\u0645\u0646\u062a\u062c\u0627\u062a\">\u0627\u0644\u0645\u0646\u062a\u062c\u0627\u062a<\/a>\n<\/span><span class=\"aioseo-breadcrumb-separator\">&raquo;<\/span><span class=\"aioseo-breadcrumb\">\n\t<a href=\"https:\/\/www.rucashk.com\/ar\/product-category\/other-a-brands\/\" title=\"Other A-Brands\">Other A-Brands<\/a>\n<\/span><span class=\"aioseo-breadcrumb-separator\">&raquo;<\/span><span class=\"aioseo-breadcrumb\">\n\t<a href=\"https:\/\/www.rucashk.com\/ar\/product-category\/other-a-brands\/huawei-other-a-brands\/\" title=\"Huawei\">Huawei<\/a>\n<\/span><span class=\"aioseo-breadcrumb-separator\">&raquo;<\/span><span class=\"aioseo-breadcrumb\">\n\thuawei P50E Smartphone | huawei p50e tel\u00e9fono inteligente\n<\/span><\/div>","aioseo_breadcrumb_json":[{"label":"Home","link":"https:\/\/www.rucashk.com\/ar"},{"label":"\u0627\u0644\u0645\u0646\u062a\u062c\u0627\u062a","link":"https:\/\/www.rucashk.com\/ar\/products\/"},{"label":"Other A-Brands","link":"https:\/\/www.rucashk.com\/ar\/product-category\/other-a-brands\/"},{"label":"Huawei","link":"https:\/\/www.rucashk.com\/ar\/product-category\/other-a-brands\/huawei-other-a-brands\/"},{"label":"huawei P50E Smartphone | huawei p50e tel\u00e9fono inteligente","link":"https:\/\/www.rucashk.com\/ar\/product\/huawei-p50e-smartphone-huawei-p50e-telefono-inteligente\/"}],"_links":{"self":[{"href":"https:\/\/www.rucashk.com\/ar\/wp-json\/wp\/v2\/product\/26067","targetHints":{"allow":["GET"]}}],"collection":[{"href":"https:\/\/www.rucashk.com\/ar\/wp-json\/wp\/v2\/product"}],"about":[{"href":"https:\/\/www.rucashk.com\/ar\/wp-json\/wp\/v2\/types\/product"}],"wp:featuredmedia":[{"embeddable":true,"href":"https:\/\/www.rucashk.com\/ar\/wp-json\/wp\/v2\/media\/26126"}],"wp:attachment":[{"href":"https:\/\/www.rucashk.com\/ar\/wp-json\/wp\/v2\/media?parent=26067"}],"wp:term":[{"taxonomy":"product_brand","embeddable":true,"href":"https:\/\/www.rucashk.com\/ar\/wp-json\/wp\/v2\/product_brand?post=26067"},{"taxonomy":"product_cat","embeddable":true,"href":"https:\/\/www.rucashk.com\/ar\/wp-json\/wp\/v2\/product_cat?post=26067"},{"taxonomy":"product_tag","embeddable":true,"href":"https:\/\/www.rucashk.com\/ar\/wp-json\/wp\/v2\/product_tag?post=26067"}],"curies":[{"name":"wp","href":"https:\/\/api.w.org\/{rel}","templated":true}]}}